{"id":469,"date":"2024-02-08T03:38:27","date_gmt":"2024-02-08T03:38:27","guid":{"rendered":"https:\/\/mecaniqueindustriellemf.com\/?page_id=469"},"modified":"2024-02-08T03:38:27","modified_gmt":"2024-02-08T03:38:27","slug":"politique-de-confidentialite","status":"publish","type":"page","link":"https:\/\/ulcmetal.ca\/en\/politique-de-confidentialite\/","title":{"rendered":"Privacy Policy"},"content":{"rendered":"<p>[et_pb_section fb_built=&#8221;1&#8243; theme_builder_area=&#8221;post_content&#8221; _builder_version=&#8221;4.24.0&#8243; _module_preset=&#8221;default&#8221; background_color=&#8221;#000000&#8243; title_text=&#8221;Fond-Location&#8221; background_image=&#8221;http:\/\/mecaniqueindustriellemf.com\/wp-content\/uploads\/2024\/02\/Fond-Location.png&#8221; hover_enabled=&#8221;0&#8243; sticky_enabled=&#8221;0&#8243;][et_pb_row _builder_version=&#8221;4.24.0&#8243; _module_preset=&#8221;default&#8221; theme_builder_area=&#8221;post_content&#8221;][et_pb_column _builder_version=&#8221;4.24.0&#8243; _module_preset=&#8221;default&#8221; type=&#8221;4_4&#8243; theme_builder_area=&#8221;post_content&#8221;][et_pb_text _builder_version=&#8221;4.24.0&#8243; _module_preset=&#8221;default&#8221; theme_builder_area=&#8221;post_content&#8221; header_font=&#8221;Poppins||||||||&#8221; header_text_color=&#8221;#FFD600&#8243; header_text_align=&#8221;center&#8221; hover_enabled=&#8221;0&#8243; sticky_enabled=&#8221;0&#8243;]<\/p>\n<h1>Politique de Confidentialit\u00e9<\/h1>\n<p>[\/et_pb_text][\/et_pb_column][\/et_pb_row][et_pb_row _builder_version=&#8221;4.24.0&#8243; _module_preset=&#8221;default&#8221; theme_builder_area=&#8221;post_content&#8221;][et_pb_column _builder_version=&#8221;4.24.0&#8243; _module_preset=&#8221;default&#8221; type=&#8221;4_4&#8243; theme_builder_area=&#8221;post_content&#8221;][et_pb_text _builder_version=&#8221;4.24.0&#8243; _module_preset=&#8221;default&#8221; theme_builder_area=&#8221;post_content&#8221; hover_enabled=&#8221;0&#8243; sticky_enabled=&#8221;0&#8243; text_font=&#8221;Poppins||||||||&#8221; text_text_color=&#8221;#FFFFFF&#8221;]<\/p>\n<ol>\n<li><strong> Collecte d&#8217;informations personnelles<\/strong><\/li>\n<\/ol>\n<p>Nous pouvons collecter des informations personnelles identifiables, telles que votre nom, adresse \u00e9lectronique, adresse postale, num\u00e9ro de t\u00e9l\u00e9phone, date de naissance, et toute autre information n\u00e9cessaire \u00e0 notre mission.<\/p>\n<ol start=\"2\">\n<li><strong> Utilisation des informations collect\u00e9es<\/strong><\/li>\n<\/ol>\n<p>Les informations que nous collectons peuvent \u00eatre utilis\u00e9es pour:<\/p>\n<ul>\n<li>Communiquer avec vous et vous fournir des informations pertinentes.<\/li>\n<li>Personnaliser votre exp\u00e9rience sur le Site.<\/li>\n<li>R\u00e9pondre \u00e0 vos demandes, questions ou commentaires.<\/li>\n<\/ul>\n<ol start=\"3\">\n<li><strong> Divulgation d&#8217;informations personnelles<\/strong><\/li>\n<\/ol>\n<p>Nous ne vendons, n&#8217;\u00e9changeons ni ne louons vos informations personnelles \u00e0 des tiers sans votre consentement explicite, sauf si requis par la loi.<\/p>\n<ol start=\"4\">\n<li><strong> Protection des informations personnelles<\/strong><\/li>\n<\/ol>\n<p>Nous mettons en place des mesures de s\u00e9curit\u00e9 pour prot\u00e9ger vos informations personnelles contre tout acc\u00e8s non autoris\u00e9 ou toute divulgation.<\/p>\n<ol start=\"5\">\n<li><strong> Consentement<\/strong><\/li>\n<\/ol>\n<p>En utilisant le Site, vous consentez \u00e0 notre Politique de Confidentialit\u00e9.<\/p>\n<ol start=\"6\">\n<li><strong> Modifications de la Politique de Confidentialit\u00e9<\/strong><\/li>\n<\/ol>\n<p>Nous nous r\u00e9servons le droit de modifier cette Politique de Confidentialit\u00e9 \u00e0 tout moment. Toute modification sera signal\u00e9e sur cette page.<\/p>\n<ol start=\"7\">\n<li><strong> Contact<\/strong><\/li>\n<\/ol>\n<p>Si vous avez des questions concernant cette Politique de Confidentialit\u00e9, veuillez nous contacter \u00e0 isabelle.carette@entreprisemf.com.<\/p>\n<p>&nbsp;<\/p>\n<p>[\/et_pb_text][\/et_pb_column][\/et_pb_row][\/et_pb_section]<\/p>\n","protected":false},"excerpt":{"rendered":"<p>Politique de Confidentialit\u00e9 Collecte d&#8217;informations personnelles Nous pouvons collecter des informations personnelles identifiables, telles que votre nom, adresse \u00e9lectronique, adresse postale, num\u00e9ro de t\u00e9l\u00e9phone, date de naissance, et toute autre information n\u00e9cessaire \u00e0 notre mission. Utilisation des informations collect\u00e9es Les informations que nous collectons peuvent \u00eatre utilis\u00e9es pour: Communiquer avec vous et vous fournir des [&hellip;]<\/p>\n","protected":false},"author":1,"featured_media":0,"parent":0,"menu_order":0,"comment_status":"closed","ping_status":"closed","template":"","meta":{"_et_pb_use_builder":"on","_et_pb_old_content":"","_et_gb_content_width":"","footnotes":""},"class_list":["post-469","page","type-page","status-publish","hentry"],"_links":{"self":[{"href":"https:\/\/ulcmetal.ca\/en\/wp-json\/wp\/v2\/pages\/469","targetHints":{"allow":["GET"]}}],"collection":[{"href":"https:\/\/ulcmetal.ca\/en\/wp-json\/wp\/v2\/pages"}],"about":[{"href":"https:\/\/ulcmetal.ca\/en\/wp-json\/wp\/v2\/types\/page"}],"author":[{"embeddable":true,"href":"https:\/\/ulcmetal.ca\/en\/wp-json\/wp\/v2\/users\/1"}],"replies":[{"embeddable":true,"href":"https:\/\/ulcmetal.ca\/en\/wp-json\/wp\/v2\/comments?post=469"}],"version-history":[{"count":2,"href":"https:\/\/ulcmetal.ca\/en\/wp-json\/wp\/v2\/pages\/469\/revisions"}],"predecessor-version":[{"id":471,"href":"https:\/\/ulcmetal.ca\/en\/wp-json\/wp\/v2\/pages\/469\/revisions\/471"}],"wp:attachment":[{"href":"https:\/\/ulcmetal.ca\/en\/wp-json\/wp\/v2\/media?parent=469"}],"curies":[{"name":"wp","href":"https:\/\/api.w.org\/{rel}","templated":true}]}}