{"id":24,"date":"2023-11-14T01:43:34","date_gmt":"2023-11-14T01:43:34","guid":{"rendered":"http:\/\/mcanique-mf.local\/?page_id=24"},"modified":"2026-03-30T19:17:51","modified_gmt":"2026-03-30T19:17:51","slug":"contact","status":"publish","type":"page","link":"https:\/\/ulcmetal.ca\/en\/contact\/","title":{"rendered":"Contact"},"content":{"rendered":"<p>[et_pb_section fb_built=&#8221;1&#8243; custom_padding_last_edited=&#8221;on|phone&#8221; disabled_on=&#8221;off|off|off&#8221; _builder_version=&#8221;4.27.4&#8243; _module_preset=&#8221;default&#8221; background_enable_color=&#8221;off&#8221; background_image=&#8221;https:\/\/ulcmetal.ca\/wp-content\/uploads\/2026\/02\/Site-web-Usinage-L-Couet-10-scaled.webp&#8221; background_size=&#8221;custom&#8221; background_image_width=&#8221;130%&#8221; custom_padding=&#8221;5%||5%||true|false&#8221; custom_padding_tablet=&#8221;&#8221; custom_padding_phone=&#8221;5%|0px|5%|0px|true|false&#8221; background_color_phone=&#8221;#F2F2F2&#8243; background_last_edited=&#8221;on|phone&#8221; background_enable_color_phone=&#8221;on&#8221; background_image_phone=&#8221;https:\/\/ulcmetal.ca\/wp-content\/uploads\/2026\/02\/Site-web-Usinage-L-Couet-10-scaled.webp&#8221; background_enable_image_phone=&#8221;on&#8221; parallax_phone=&#8221;off&#8221; background_size_phone=&#8221;cover&#8221; background_image_width_phone=&#8221;130%&#8221; background_position_phone=&#8221;bottom_right&#8221; global_colors_info=&#8221;{}&#8221;][et_pb_row custom_padding_last_edited=&#8221;on|phone&#8221; _builder_version=&#8221;4.27.4&#8243; _module_preset=&#8221;13caf1f4-b8e5-482a-876a-9d62c1e6415f&#8221; transform_skew=&#8221;0deg|0deg&#8221; custom_padding_tablet=&#8221;&#8221; custom_padding_phone=&#8221;|||3%|false|false&#8221; global_colors_info=&#8221;{}&#8221;][et_pb_column type=&#8221;4_4&#8243; _builder_version=&#8221;4.23.4&#8243; _module_preset=&#8221;default&#8221; global_colors_info=&#8221;{}&#8221;][dnxte_text_stroke dnxt_text_stroke_title=&#8221;Vous avez des questions?&#8221; dnxt_text_heading_tag=&#8221;h1&#8243; dnxt_stroke_text_color=&#8221;#000000&#8243; _builder_version=&#8221;4.27.4&#8243; _module_preset=&#8221;b02a48f6-c14d-4bdc-b5af-97c544834197&#8243; dnxt_stroke_fonts_font_size=&#8221;80px&#8221; custom_margin_tablet=&#8221;&#8221; custom_margin_phone=&#8221;5%||||false|false&#8221; custom_margin_last_edited=&#8221;on|phone&#8221; dnxt_stroke_fonts_font_size_tablet=&#8221;45px&#8221; dnxt_stroke_fonts_font_size_phone=&#8221;45px&#8221; dnxt_stroke_fonts_font_size_last_edited=&#8221;on|phone&#8221; dnxt_stroke_fonts_line_height_tablet=&#8221;&#8221; dnxt_stroke_fonts_line_height_phone=&#8221;1.2em&#8221; dnxt_stroke_fonts_line_height_last_edited=&#8221;on|phone&#8221; global_colors_info=&#8221;{}&#8221;][\/dnxte_text_stroke][et_pb_text _builder_version=&#8221;4.27.4&#8243; _module_preset=&#8221;90e3a693-4a64-4b98-b582-5319ada87578&#8243; header_2_font=&#8221;Poppins|900|||||||&#8221; header_2_text_color=&#8221;#000000&#8243; header_2_font_size=&#8221;80px&#8221; custom_margin_phone=&#8221;-18%||||false|false&#8221; header_font_size_tablet=&#8221;45px&#8221; header_font_size_phone=&#8221;27px&#8221; header_font_size_last_edited=&#8221;on|phone&#8221; header_2_font_size_tablet=&#8221;80px&#8221; header_2_font_size_phone=&#8221;37px&#8221; header_2_font_size_last_edited=&#8221;on|phone&#8221; header_2_line_height_tablet=&#8221;&#8221; header_2_line_height_phone=&#8221;3.2em&#8221; header_2_line_height_last_edited=&#8221;on|phone&#8221; global_colors_info=&#8221;{}&#8221;]<\/p>\n<h2>CONTACTEZ-NOUS<\/h2>\n<p>[\/et_pb_text][\/et_pb_column][\/et_pb_row][et_pb_row column_structure=&#8221;1_4,3_4&#8243; disabled_on=&#8221;on|on|off&#8221; _builder_version=&#8221;4.27.4&#8243; _module_preset=&#8221;default&#8221; background_color=&#8221;#FFFFFF&#8221; custom_margin=&#8221;5%||||false|false&#8221; pac_drh_column_numbers_tablet=&#8221;pac_drh_tab_col_two&#8221; pac_drh_column_numbers_phone=&#8221;pac_drh_phone_col_two&#8221; global_colors_info=&#8221;{}&#8221;][et_pb_column type=&#8221;1_4&#8243; _builder_version=&#8221;4.24.1&#8243; _module_preset=&#8221;default&#8221; global_colors_info=&#8221;{}&#8221;][et_pb_icon font_icon=&#8221;&#xf5a0;||fa||900&#8243; icon_color=&#8221;#FF8B22&#8243; _builder_version=&#8221;4.27.4&#8243; _module_preset=&#8221;56c5f413-613c-4017-a1b7-9e3d71b86a50&#8243; custom_padding=&#8221;||||false|false&#8221; custom_padding_tablet=&#8221;||||false|false&#8221; custom_padding_phone=&#8221;||||false|false&#8221; custom_padding_last_edited=&#8221;on|desktop&#8221; global_colors_info=&#8221;{}&#8221;][\/et_pb_icon][et_pb_icon font_icon=&#8221;&#xe0e3;||divi||400&#8243; icon_color=&#8221;#FF8B22&#8243; _builder_version=&#8221;4.27.4&#8243; _module_preset=&#8221;56c5f413-613c-4017-a1b7-9e3d71b86a50&#8243; custom_margin=&#8221;||||false|false&#8221; custom_padding=&#8221;||||false|false&#8221; custom_padding_tablet=&#8221;13%||||false|false&#8221; custom_padding_phone=&#8221;13%||||false|false&#8221; custom_padding_last_edited=&#8221;on|desktop&#8221; global_colors_info=&#8221;{}&#8221;][\/et_pb_icon][et_pb_icon font_icon=&#8221;&#xf017;||fa||400&#8243; icon_color=&#8221;#FF8B22&#8243; _builder_version=&#8221;4.27.6&#8243; _module_preset=&#8221;56c5f413-613c-4017-a1b7-9e3d71b86a50&#8243; custom_margin=&#8221;3%||||false|false&#8221; custom_margin_tablet=&#8221;3%||||false|false&#8221; custom_margin_phone=&#8221;3%||||false|false&#8221; custom_margin_last_edited=&#8221;on|desktop&#8221; custom_padding=&#8221;17%||||false|false&#8221; custom_padding_tablet=&#8221;9%||||false|false&#8221; custom_padding_phone=&#8221;9%||||false|false&#8221; custom_padding_last_edited=&#8221;on|desktop&#8221; global_colors_info=&#8221;{}&#8221;][\/et_pb_icon][\/et_pb_column][et_pb_column type=&#8221;3_4&#8243; _builder_version=&#8221;4.24.1&#8243; _module_preset=&#8221;default&#8221; global_colors_info=&#8221;{}&#8221;][et_pb_text _builder_version=&#8221;4.27.6&#8243; _module_preset=&#8221;36bc38c3-52ee-4a1c-8b7e-ae20e44a5a2e&#8221; text_text_color=&#8221;#000000&#8243; global_colors_info=&#8221;{}&#8221;]<\/p>\n<p>4799 rue Roberge<br \/>Lac-M\u00e9gantic, Qc, Canada<br \/>G6B 2Z5<\/p>\n<p>[\/et_pb_text][et_pb_text _builder_version=&#8221;4.27.6&#8243; _module_preset=&#8221;36bc38c3-52ee-4a1c-8b7e-ae20e44a5a2e&#8221; text_text_color=&#8221;#000000&#8243; link_font=&#8221;Poppins|900|||||||&#8221; link_text_color=&#8221;#FF8B22&#8243; custom_padding=&#8221;||2px|||&#8221; hover_enabled=&#8221;0&#8243; custom_css_main_element=&#8221;;&#8221; global_colors_info=&#8221;{}&#8221; sticky_enabled=&#8221;0&#8243;]<\/p>\n<p>Bureau : 819-583-1324<br \/>Claude Giroux : <a href=\"#\">claude.giroux@ulcmetal.ca<\/a><br \/>Christian Robert : <a href=\"#\">christian.robert@ulcmetal.ca<\/a><\/p>\n<p>[\/et_pb_text][et_pb_text _builder_version=&#8221;4.27.6&#8243; _module_preset=&#8221;36bc38c3-52ee-4a1c-8b7e-ae20e44a5a2e&#8221; text_text_color=&#8221;#000000&#8243; custom_padding=&#8221;0%||1px||false|false&#8221; global_colors_info=&#8221;{}&#8221;]Lundi au Jeudi<br \/>\n7h00 \u00e0 16h30<\/p>\n<p>Vendredi<br \/>\n7h00 \u00e0 11h00[\/et_pb_text][\/et_pb_column][\/et_pb_row][et_pb_row _builder_version=&#8221;4.27.4&#8243; _module_preset=&#8221;default&#8221; width=&#8221;90%&#8221; max_width=&#8221;1440px&#8221; global_colors_info=&#8221;{}&#8221;][et_pb_column type=&#8221;4_4&#8243; _builder_version=&#8221;4.27.4&#8243; _module_preset=&#8221;default&#8221; global_colors_info=&#8221;{}&#8221;][et_pb_image src=&#8221;https:\/\/ulcmetal.ca\/wp-content\/uploads\/2026\/02\/Site-web-Usinage-L-Couet-18.webp&#8221; title_text=&#8221;Site web &#8211; Usinage L Cou\u00ebt-18&#8243; disabled_on=&#8221;on|on|off&#8221; _builder_version=&#8221;4.27.4&#8243; _module_preset=&#8221;default&#8221; width=&#8221;14%&#8221; module_alignment=&#8221;right&#8221; custom_margin=&#8221;-7%||||false|false&#8221; global_colors_info=&#8221;{}&#8221;][\/et_pb_image][\/et_pb_column][\/et_pb_row][et_pb_row disabled_on=&#8221;off|off|on&#8221; _builder_version=&#8221;4.27.4&#8243; _module_preset=&#8221;default&#8221; width_tablet=&#8221;&#8221; width_phone=&#8221;95%&#8221; width_last_edited=&#8221;on|phone&#8221; custom_margin_tablet=&#8221;&#8221; custom_margin_phone=&#8221;-15%||||false|false&#8221; custom_margin_last_edited=&#8221;on|phone&#8221; global_colors_info=&#8221;{}&#8221;][et_pb_column type=&#8221;4_4&#8243; _builder_version=&#8221;4.23.4&#8243; _module_preset=&#8221;default&#8221; global_colors_info=&#8221;{}&#8221;][et_pb_blurb use_icon=&#8221;on&#8221; font_icon=&#8221;&#xf5a0;||fa||900&#8243; icon_color=&#8221;#FF8B22&#8243; disabled_on=&#8221;off|off|off&#8221; _builder_version=&#8221;4.27.6&#8243; _module_preset=&#8221;default&#8221; header_text_color=&#8221;#FFFFFF&#8221; body_text_color=&#8221;#000000&#8243; body_line_height=&#8221;1.4em&#8221; body_font_size_tablet=&#8221;&#8221; body_font_size_phone=&#8221;20px&#8221; body_font_size_last_edited=&#8221;on|phone&#8221; global_colors_info=&#8221;{}&#8221;]<\/p>\n<p style=\"text-align: center;\">4799 rue Roberge<br \/>Lac-M\u00e9gantic, Qc, Canada<br \/>G6B 2Z5<\/p>\n<p style=\"text-align: center;\">\n<p><scribe-shadow id=\"crxjs-ext\" data-crx=\"okfkdaglfjjjfefdcppliegebpoegaii\" style=\"position: fixed; width: 0px; height: 0px; top: 0px; left: 0px; z-index: 2147483647; overflow: visible; visibility: visible;\"><\/scribe-shadow><\/p>\n<p>[\/et_pb_blurb][et_pb_blurb use_icon=&#8221;on&#8221; font_icon=&#8221;&#xe0e3;||divi||400&#8243; icon_color=&#8221;#FF8B22&#8243; disabled_on=&#8221;off|off|off&#8221; _builder_version=&#8221;4.27.6&#8243; _module_preset=&#8221;ea39cd59-d4fc-4157-b23f-869e393a2505&#8243; body_font=&#8221;Poppins||||||||&#8221; body_text_color=&#8221;#000000&#8243; body_line_height=&#8221;1.6em&#8221; body_link_font=&#8221;Poppins|900|||||||&#8221; body_link_text_color=&#8221;#FF8B22&#8243; hover_enabled=&#8221;0&#8243; body_font_size_tablet=&#8221;&#8221; body_font_size_phone=&#8221;17px&#8221; body_font_size_last_edited=&#8221;on|phone&#8221; global_colors_info=&#8221;{}&#8221; sticky_enabled=&#8221;0&#8243;]<\/p>\n<p style=\"text-align: center;\">T\u00e9l\u00e9phone :<br \/>819-583-1324<\/p>\n<p style=\"text-align: center;\">Courriel :<br \/><a href=\"#\">claude.giroux@ulcmetal.ca<br \/>christian.robert@ulcmetal.ca<\/a><\/p>\n<p style=\"text-align: center;\"><a href=\"#\"><\/a><\/p>\n<p>[\/et_pb_blurb][et_pb_blurb use_icon=&#8221;on&#8221; font_icon=&#8221;&#xf017;||fa||400&#8243; icon_color=&#8221;#FF8B22&#8243; disabled_on=&#8221;off|off|off&#8221; _builder_version=&#8221;4.27.6&#8243; _module_preset=&#8221;ea39cd59-d4fc-4157-b23f-869e393a2505&#8243; body_font=&#8221;Poppins||||||||&#8221; body_text_color=&#8221;#000000&#8243; body_line_height=&#8221;1.3em&#8221; body_font_size_tablet=&#8221;&#8221; body_font_size_phone=&#8221;24px&#8221; body_font_size_last_edited=&#8221;on|phone&#8221; global_colors_info=&#8221;{}&#8221;]<\/p>\n<p style=\"text-align: center;\">Lundi au Jeudi<br \/>7h00 \u00e0 16h30<\/p>\n<p style=\"text-align: center;\">Vendredi<br \/>7h00 \u00e0 11h00<\/p>\n<p>[\/et_pb_blurb][\/et_pb_column][\/et_pb_row][\/et_pb_section][et_pb_section fb_built=&#8221;1&#8243; custom_padding_last_edited=&#8221;on|phone&#8221; disabled_on=&#8221;off|off|off&#8221; _builder_version=&#8221;4.27.4&#8243; _module_preset=&#8221;default&#8221; background_color=&#8221;#000000&#8243; custom_padding=&#8221;5%||5%||true|false&#8221; custom_padding_tablet=&#8221;&#8221; custom_padding_phone=&#8221;5%|0px|15%|0px|false|false&#8221; global_colors_info=&#8221;{}&#8221;][et_pb_row custom_padding_last_edited=&#8221;on|tablet&#8221; _builder_version=&#8221;4.24.2&#8243; _module_preset=&#8221;default&#8221; width_tablet=&#8221;95%&#8221; width_phone=&#8221;95%&#8221; width_last_edited=&#8221;on|tablet&#8221; custom_padding=&#8221;||0px||false|false&#8221; custom_padding_tablet=&#8221;||5%||false|false&#8221; custom_padding_phone=&#8221;||5%||false|false&#8221; global_colors_info=&#8221;{}&#8221;][et_pb_column type=&#8221;4_4&#8243; _builder_version=&#8221;4.23.4&#8243; _module_preset=&#8221;default&#8221; global_colors_info=&#8221;{}&#8221;][et_pb_text _builder_version=&#8221;4.27.4&#8243; _module_preset=&#8221;92938bc4-c797-4823-b9c1-55bd92297f3b&#8221; header_2_text_color=&#8221;#FF8B22&#8243; header_2_text_align_tablet=&#8221;&#8221; header_2_text_align_phone=&#8221;center&#8221; header_2_text_align_last_edited=&#8221;on|phone&#8221; global_colors_info=&#8221;{}&#8221;]<\/p>\n<h2>Formulaire de contact<\/h2>\n<p>[\/et_pb_text][et_pb_contact_form use_spam_service=&#8221;on&#8221; recaptcha_list=&#8221;ULC|ULC-0&#8243; email=&#8221;claude.giroux@ulcmetal.ca&#8221; custom_message=&#8221;Une nouvelle demande de contact provenant de : %%prenom%% %%nom%%||et_pb_line_break_holder||||et_pb_line_break_holder||Courriel : %%courriel%%||et_pb_line_break_holder||T\u00e9l\u00e9phone : %%telephone%%||et_pb_line_break_holder||||et_pb_line_break_holder||Message :||et_pb_line_break_holder||%%message%%&#8221; success_message=&#8221;<\/p>\n<p>Merci de nous avoir contact\u00e9. Nous vous r\u00e9pondrons sous peu.<\/p>\n<p>&#8221; submit_button_text=&#8221;Envoyer votre message&#8221; _builder_version=&#8221;4.27.6&#8243; _module_preset=&#8221;default&#8221; _unique_id=&#8221;dcd3b830-bd8d-4807-9025-9a6bf6f99c14&#8243; form_field_background_color=&#8221;#F2F2F2&#8243; form_field_text_color=&#8221;#000000&#8243; form_field_focus_background_color=&#8221;#FF8B22&#8243; form_field_focus_text_color=&#8221;#FFFFFF&#8221; form_field_font=&#8221;Poppins||||||||&#8221; form_field_text_align=&#8221;left&#8221; form_field_font_size=&#8221;18px&#8221; custom_button=&#8221;on&#8221; button_text_color=&#8221;#000000&#8243; button_bg_color=&#8221;#FF8B22&#8243; button_border_width=&#8221;0px&#8221; button_border_radius=&#8221;3px&#8221; button_font=&#8221;Poppins||||||||&#8221; button_use_icon=&#8221;off&#8221; button_custom_margin=&#8221;||||false|false&#8221; custom_padding_tablet=&#8221;&#8221; custom_padding_phone=&#8221;||5%||false|false&#8221; custom_padding_last_edited=&#8221;on|phone&#8221; hover_enabled=&#8221;0&#8243; admin_email_subject=&#8221;Nouvelle demande de contact&#8221; admin_email_from_name=&#8221;Contact&#8221; admin_email_cc=&#8221;christian.robert@ulcmetal.ca&#8221; use_admin_email_submitter_email=&#8221;on&#8221; use_confirmation_email=&#8221;on&#8221; submit_button_wait_text=&#8221;Veuillez patienter&#8221; submit_button_alignment=&#8221;left&#8221; success_button_margin=&#8221;||||false|false&#8221; success_message_background=&#8221;#000000&#8243; success_message_font=&#8221;Poppins||||||||&#8221; success_message_font_color=&#8221;#FFFFFF&#8221; success_message_font_size=&#8221;22px&#8221; field_label_font=&#8221;Poppins||||||||&#8221; field_label_color=&#8221;#000000&#8243; field_desc_color=&#8221;#003B71&#8243; files_container_background=&#8221;#000000&#8243; files_container_border_color=&#8221;#F2F2F2&#8243; files_container_border_width=&#8221;1px&#8221; global_colors_info=&#8221;{}&#8221; sticky_enabled=&#8221;0&#8243;][et_pb_contact_field field_id=&#8221;prenom&#8221; field_title=&#8221;Pr\u00e9nom&#8221; fullwidth_field=&#8221;on&#8221; _builder_version=&#8221;4.23.4&#8243; global_colors_info=&#8221;{}&#8221; button_text_size__hover_enabled=&#8221;off&#8221; button_one_text_size__hover_enabled=&#8221;off&#8221; button_two_text_size__hover_enabled=&#8221;off&#8221; button_text_color__hover_enabled=&#8221;off&#8221; button_one_text_color__hover_enabled=&#8221;off&#8221; button_two_text_color__hover_enabled=&#8221;off&#8221; button_border_width__hover_enabled=&#8221;off&#8221; button_one_border_width__hover_enabled=&#8221;off&#8221; button_two_border_width__hover_enabled=&#8221;off&#8221; button_border_color__hover_enabled=&#8221;off&#8221; button_one_border_color__hover_enabled=&#8221;off&#8221; button_two_border_color__hover_enabled=&#8221;off&#8221; button_border_radius__hover_enabled=&#8221;off&#8221; button_one_border_radius__hover_enabled=&#8221;off&#8221; button_two_border_radius__hover_enabled=&#8221;off&#8221; button_letter_spacing__hover_enabled=&#8221;off&#8221; button_one_letter_spacing__hover_enabled=&#8221;off&#8221; button_two_letter_spacing__hover_enabled=&#8221;off&#8221; button_bg_color__hover_enabled=&#8221;off&#8221; button_one_bg_color__hover_enabled=&#8221;off&#8221; button_two_bg_color__hover_enabled=&#8221;off&#8221;][\/et_pb_contact_field][et_pb_contact_field field_id=&#8221;nom&#8221; field_title=&#8221;Nom&#8221; fullwidth_field=&#8221;on&#8221; _builder_version=&#8221;4.23.4&#8243; global_colors_info=&#8221;{}&#8221; button_text_size__hover_enabled=&#8221;off&#8221; button_one_text_size__hover_enabled=&#8221;off&#8221; button_two_text_size__hover_enabled=&#8221;off&#8221; button_text_color__hover_enabled=&#8221;off&#8221; button_one_text_color__hover_enabled=&#8221;off&#8221; button_two_text_color__hover_enabled=&#8221;off&#8221; button_border_width__hover_enabled=&#8221;off&#8221; button_one_border_width__hover_enabled=&#8221;off&#8221; button_two_border_width__hover_enabled=&#8221;off&#8221; button_border_color__hover_enabled=&#8221;off&#8221; button_one_border_color__hover_enabled=&#8221;off&#8221; button_two_border_color__hover_enabled=&#8221;off&#8221; button_border_radius__hover_enabled=&#8221;off&#8221; button_one_border_radius__hover_enabled=&#8221;off&#8221; button_two_border_radius__hover_enabled=&#8221;off&#8221; button_letter_spacing__hover_enabled=&#8221;off&#8221; button_one_letter_spacing__hover_enabled=&#8221;off&#8221; button_two_letter_spacing__hover_enabled=&#8221;off&#8221; button_bg_color__hover_enabled=&#8221;off&#8221; button_one_bg_color__hover_enabled=&#8221;off&#8221; button_two_bg_color__hover_enabled=&#8221;off&#8221;][\/et_pb_contact_field][et_pb_contact_field field_id=&#8221;courriel&#8221; field_title=&#8221;Courriel&#8221; field_type=&#8221;email&#8221; fullwidth_field=&#8221;on&#8221; _builder_version=&#8221;4.23.4&#8243; global_colors_info=&#8221;{}&#8221; button_text_size__hover_enabled=&#8221;off&#8221; button_one_text_size__hover_enabled=&#8221;off&#8221; button_two_text_size__hover_enabled=&#8221;off&#8221; button_text_color__hover_enabled=&#8221;off&#8221; button_one_text_color__hover_enabled=&#8221;off&#8221; button_two_text_color__hover_enabled=&#8221;off&#8221; button_border_width__hover_enabled=&#8221;off&#8221; button_one_border_width__hover_enabled=&#8221;off&#8221; button_two_border_width__hover_enabled=&#8221;off&#8221; button_border_color__hover_enabled=&#8221;off&#8221; button_one_border_color__hover_enabled=&#8221;off&#8221; button_two_border_color__hover_enabled=&#8221;off&#8221; button_border_radius__hover_enabled=&#8221;off&#8221; button_one_border_radius__hover_enabled=&#8221;off&#8221; button_two_border_radius__hover_enabled=&#8221;off&#8221; button_letter_spacing__hover_enabled=&#8221;off&#8221; button_one_letter_spacing__hover_enabled=&#8221;off&#8221; button_two_letter_spacing__hover_enabled=&#8221;off&#8221; button_bg_color__hover_enabled=&#8221;off&#8221; button_one_bg_color__hover_enabled=&#8221;off&#8221; button_two_bg_color__hover_enabled=&#8221;off&#8221;][\/et_pb_contact_field][et_pb_contact_field field_id=&#8221;telephone&#8221; field_title=&#8221;T\u00e9l\u00e9phone&#8221; fullwidth_field=&#8221;on&#8221; _builder_version=&#8221;4.23.4&#8243; _module_preset=&#8221;default&#8221; global_colors_info=&#8221;{}&#8221;][\/et_pb_contact_field][et_pb_contact_field field_id=&#8221;Message&#8221; field_title=&#8221;Message&#8221; field_type=&#8221;text&#8221; fullwidth_field=&#8221;on&#8221; _builder_version=&#8221;4.16&#8243; global_colors_info=&#8221;{}&#8221; button_text_size__hover_enabled=&#8221;off&#8221; button_one_text_size__hover_enabled=&#8221;off&#8221; button_two_text_size__hover_enabled=&#8221;off&#8221; button_text_color__hover_enabled=&#8221;off&#8221; button_one_text_color__hover_enabled=&#8221;off&#8221; button_two_text_color__hover_enabled=&#8221;off&#8221; button_border_width__hover_enabled=&#8221;off&#8221; button_one_border_width__hover_enabled=&#8221;off&#8221; button_two_border_width__hover_enabled=&#8221;off&#8221; button_border_color__hover_enabled=&#8221;off&#8221; button_one_border_color__hover_enabled=&#8221;off&#8221; button_two_border_color__hover_enabled=&#8221;off&#8221; button_border_radius__hover_enabled=&#8221;off&#8221; button_one_border_radius__hover_enabled=&#8221;off&#8221; button_two_border_radius__hover_enabled=&#8221;off&#8221; button_letter_spacing__hover_enabled=&#8221;off&#8221; button_one_letter_spacing__hover_enabled=&#8221;off&#8221; button_two_letter_spacing__hover_enabled=&#8221;off&#8221; button_bg_color__hover_enabled=&#8221;off&#8221; button_one_bg_color__hover_enabled=&#8221;off&#8221; button_two_bg_color__hover_enabled=&#8221;off&#8221;][\/et_pb_contact_field][\/et_pb_contact_form][\/et_pb_column][\/et_pb_row][\/et_pb_section]<\/p>\n","protected":false},"excerpt":{"rendered":"<p><div class=\"et_pb_module dnxte_text_stroke dnxte_text_stroke_0\">\n\t\t\t\t\n\t\t\t\t\n\t\t\t\t\n\t\t\t\t\n\t\t\t\t\n\t\t\t\t\n\t\t\t\t<div class=\"et_pb_module_inner\">\n\t\t\t\t\t<div class=\"dnxt-text-stroke-fill-wrapper\">\r\n\t\t\t\t<h1 class=\"dnxt-text-stroke-fill-main dnxt-text-stroke-left\">\r\n\t\t\t\tVous avez des questions?<\/h1>\r\n\t\t\t<\/div>\n\t\t\t\t<\/div>\n\t\t\t<\/div>CONTACTEZ-NOUS4799 rue RobergeLac-M\u00e9gantic, Qc, CanadaG6B 2Z5Bureau : 819-583-1324Claude Giroux : claude.giroux@ulcmetal.caChristian Robert : christian.robert@ulcmetal.caLundi au Jeudi 7h00 \u00e0 16h30 Vendredi 7h00 \u00e0 11h004799 rue RobergeLac-M\u00e9gantic, Qc, CanadaG6B 2Z5 T\u00e9l\u00e9phone :819-583-1324 Courriel :claude.giroux@ulcmetal.cachristian.robert@ulcmetal.ca Lundi au Jeudi7h00 \u00e0 [&hellip;]<\/p>\n","protected":false},"author":1,"featured_media":0,"parent":0,"menu_order":0,"comment_status":"closed","ping_status":"closed","template":"","meta":{"_et_pb_use_builder":"on","_et_pb_old_content":"<!-- wp:divi\/placeholder \/-->","_et_gb_content_width":"","footnotes":""},"class_list":["post-24","page","type-page","status-publish","hentry"],"_links":{"self":[{"href":"https:\/\/ulcmetal.ca\/en\/wp-json\/wp\/v2\/pages\/24","targetHints":{"allow":["GET"]}}],"collection":[{"href":"https:\/\/ulcmetal.ca\/en\/wp-json\/wp\/v2\/pages"}],"about":[{"href":"https:\/\/ulcmetal.ca\/en\/wp-json\/wp\/v2\/types\/page"}],"author":[{"embeddable":true,"href":"https:\/\/ulcmetal.ca\/en\/wp-json\/wp\/v2\/users\/1"}],"replies":[{"embeddable":true,"href":"https:\/\/ulcmetal.ca\/en\/wp-json\/wp\/v2\/comments?post=24"}],"version-history":[{"count":71,"href":"https:\/\/ulcmetal.ca\/en\/wp-json\/wp\/v2\/pages\/24\/revisions"}],"predecessor-version":[{"id":1326,"href":"https:\/\/ulcmetal.ca\/en\/wp-json\/wp\/v2\/pages\/24\/revisions\/1326"}],"wp:attachment":[{"href":"https:\/\/ulcmetal.ca\/en\/wp-json\/wp\/v2\/media?parent=24"}],"curies":[{"name":"wp","href":"https:\/\/api.w.org\/{rel}","templated":true}]}}